{"id":180,"date":"2023-11-12T10:00:31","date_gmt":"2023-11-12T10:00:31","guid":{"rendered":"https:\/\/timebankarnhem.nl\/?page_id=180"},"modified":"2023-11-12T12:57:06","modified_gmt":"2023-11-12T12:57:06","slug":"over-ons","status":"publish","type":"page","link":"https:\/\/timebankarnhem.nl\/index.php\/over-ons\/","title":{"rendered":"Over ons"},"content":{"rendered":"\t\t<div data-elementor-type=\"wp-page\" data-elementor-id=\"180\" class=\"elementor elementor-180\">\n\t\t\t\t<div class=\"elementor-element elementor-element-6c91cb5 e-flex e-con-boxed e-con e-parent\" data-id=\"6c91cb5\" data-element_type=\"container\">\n\t\t\t\t\t<div class=\"e-con-inner\">\n\t\t\t\t<div class=\"elementor-element elementor-element-9590c51 elementor-widget elementor-widget-text-editor\" data-id=\"9590c51\" data-element_type=\"widget\" data-widget_type=\"text-editor.default\">\n\t\t\t\t<div class=\"elementor-widget-container\">\n\t\t\t\t\t\t\t\t\t<p>Timebank Arnhem is een initiatief van <a href=\"https:\/\/arnhemshert.nl\" target=\"_blank\" rel=\"noopener\">Arnhems Hert<\/a>. Een netwerk en gemeenschap van lokale ondernemers en particulieren in en rond Arnhem. Naast het lokale circulaire betaalmiddel Arnhems Hert, introduceren we met TBA (Timebank Arnhem) \u00f3\u00f3k een lokaal ruilmiddel tussen particulieren onderling om diensten met maatschappelijke meerwaarde onderling met elkaar te delen. En maatschappelijke organisatie kunnen met TBA een extra element toevoegen aan de beloning van de vrijwilligers die voor deze organisaties een maatschappelijke bijdrage leveren.<br \/><br \/>Meer lezen over timebanking? Lees <a href=\"https:\/\/en.wikipedia.org\/wiki\/Time-based_currency\" target=\"_blank\" rel=\"noopener\">hier<\/a> verder (Bron: wikipedia, Engelse omschrijving)<br \/><br \/>Er zijn meerdere soorten timebanking systemen. Sommige systemen houden h\u00e9\u00e9l strak aan het gelijk waarderen van \u00e9\u00e9n uur inzet.<br \/><br \/>Veel andere timebanking systemen (waaronder wij van Timebank Arnhem) zijn soepeler en laten de hoogte van de vergoeding in Time banking units over aan de ontvangende en gevende partij.<br \/>Daarbij is de tegenwaarde van een uur wel indicatief voor de waardering van een TBA (Timebank Arnhem unit),\u00a0 maar niet als verplichte tegenwaarde.<\/p><p>Dat maak het mogelijk:<\/p><ul><li>Om ook produkten en goederen te ruilen tegen Timebank Arnhem (TBA) units<\/li><li>Om iets flexibeler om te gaan met hoeveel TBA je een uur inzet vergoed<\/li><\/ul><p>\u00a0<\/p>\t\t\t\t\t\t\t\t<\/div>\n\t\t\t\t<\/div>\n\t\t\t\t\t<\/div>\n\t\t\t\t<\/div>\n\t\t<div class=\"elementor-element elementor-element-045347b e-flex e-con-boxed e-con e-parent\" data-id=\"045347b\" data-element_type=\"container\">\n\t\t\t\t\t<div class=\"e-con-inner\">\n\t\t<div class=\"elementor-element elementor-element-19379a1 e-con-full e-flex e-con e-child\" data-id=\"19379a1\" data-element_type=\"container\">\n\t\t\t\t<div class=\"elementor-element elementor-element-91372d9 elementor-widget__width-initial elementor-widget elementor-widget-text-editor\" data-id=\"91372d9\" data-element_type=\"widget\" data-widget_type=\"text-editor.default\">\n\t\t\t\t<div class=\"elementor-widget-container\">\n\t\t\t\t\t\t\t\t\t<p><strong>Timebank Arnhem beheerder: Marc Dekens.<\/strong><br \/>Marc is een fervent ambassadeur voor het timebanking concept en combineert dat met een goed netwerk in meerdere Arnhemse Netwerken. Zij passie is permacultuur en hij is enthousiast over het concept transition towns als een instrument voor community building.<\/p><p>Wil jij als particulier of maatschappelijk organisatie \u00f3\u00f3k deelnemen aan het Timebank Arnhem? Neem dan contact op met Marc! Stuur dan een mail naar manager (@) timebankarnhem.nl\u00a0 (vergeet niet om de twee haakjes om het @ teken te verwijderen!)<\/p>\t\t\t\t\t\t\t\t<\/div>\n\t\t\t\t<\/div>\n\t\t\t\t<\/div>\n\t\t<div class=\"elementor-element elementor-element-2a56a14 e-con-full e-flex e-con e-child\" data-id=\"2a56a14\" data-element_type=\"container\">\n\t\t\t\t<div class=\"elementor-element elementor-element-7c97098 elementor-widget elementor-widget-image\" data-id=\"7c97098\" data-element_type=\"widget\" data-widget_type=\"image.default\">\n\t\t\t\t<div class=\"elementor-widget-container\">\n\t\t\t\t\t\t\t\t\t\t\t\t<figure class=\"wp-caption\">\n\t\t\t\t\t\t\t\t\t\t\t<a href=\"https:\/\/www.linkedin.com\/in\/marcdekens\/\" target=\"_blank\">\n\t\t\t\t\t\t\t<img fetchpriority=\"high\" decoding=\"async\" width=\"287\" height=\"270\" src=\"https:\/\/timebankarnhem.nl\/wp-content\/uploads\/2023\/11\/Marc-Dekens.jpg\" class=\"attachment-large size-large wp-image-194\" alt=\"\" \/>\t\t\t\t\t\t\t\t<\/a>\n\t\t\t\t\t\t\t\t\t\t\t<figcaption class=\"widget-image-caption wp-caption-text\"><\/figcaption>\n\t\t\t\t\t\t\t\t\t\t<\/figure>\n\t\t\t\t\t\t\t\t\t<\/div>\n\t\t\t\t<\/div>\n\t\t\t\t<\/div>\n\t\t\t\t\t<\/div>\n\t\t\t\t<\/div>\n\t\t<div class=\"elementor-element elementor-element-d2a5684 e-flex e-con-boxed e-con e-parent\" data-id=\"d2a5684\" data-element_type=\"container\">\n\t\t\t\t\t<div class=\"e-con-inner\">\n\t\t<div class=\"elementor-element elementor-element-9e9a7f8 e-con-full e-flex e-con e-child\" data-id=\"9e9a7f8\" data-element_type=\"container\">\n\t\t\t\t<div class=\"elementor-element elementor-element-f59b642 elementor-widget elementor-widget-text-editor\" data-id=\"f59b642\" data-element_type=\"widget\" data-widget_type=\"text-editor.default\">\n\t\t\t\t<div class=\"elementor-widget-container\">\n\t\t\t\t\t\t\t\t\t<p><strong>Tjwan is contactpersoon tussen Timebank Arnhem en Arnhems Hert.<\/strong> Daarnaast regelt hij de techniek achter de website van Timebank Arnhem (of laat hij dat derden regelen).<\/p><p>Tjwan is ge\u00efnteresseerd in ruilmiddelen (verschillende vormen van &#8220;geld&#8221;) . Met name ruilmiddelen die bijdragen aan het genereren van maatschappelijke meerwaarde hebben zijn warme belangstelling.<\/p><p>Je kunt hem via de mail als volgt bereiken: tjwan.oei (@) arnhemshert.nl <br \/>(vergeet niet om de twee haakjes om het @ teken te verwijderen!)<\/p>\t\t\t\t\t\t\t\t<\/div>\n\t\t\t\t<\/div>\n\t\t\t\t<\/div>\n\t\t<div class=\"elementor-element elementor-element-c04f974 e-con-full e-flex e-con e-child\" data-id=\"c04f974\" data-element_type=\"container\">\n\t\t\t\t<div class=\"elementor-element elementor-element-01fa4b1 elementor-widget elementor-widget-image\" data-id=\"01fa4b1\" data-element_type=\"widget\" data-widget_type=\"image.default\">\n\t\t\t\t<div class=\"elementor-widget-container\">\n\t\t\t\t\t\t\t\t\t\t\t\t<figure class=\"wp-caption\">\n\t\t\t\t\t\t\t\t\t\t\t<a href=\"https:\/\/www.linkedin.com\/in\/tjwanoei\/\" target=\"_blank\">\n\t\t\t\t\t\t\t<img decoding=\"async\" width=\"749\" height=\"567\" src=\"https:\/\/timebankarnhem.nl\/wp-content\/uploads\/2023\/11\/Tjwan-Oei-1024x775.jpeg\" class=\"attachment-large size-large wp-image-193\" alt=\"\" srcset=\"https:\/\/timebankarnhem.nl\/wp-content\/uploads\/2023\/11\/Tjwan-Oei-1024x775.jpeg 1024w, https:\/\/timebankarnhem.nl\/wp-content\/uploads\/2023\/11\/Tjwan-Oei-300x227.jpeg 300w, https:\/\/timebankarnhem.nl\/wp-content\/uploads\/2023\/11\/Tjwan-Oei-768x581.jpeg 768w, https:\/\/timebankarnhem.nl\/wp-content\/uploads\/2023\/11\/Tjwan-Oei.jpeg 1266w\" sizes=\"(max-width: 749px) 100vw, 749px\" \/>\t\t\t\t\t\t\t\t<\/a>\n\t\t\t\t\t\t\t\t\t\t\t<figcaption class=\"widget-image-caption wp-caption-text\"><\/figcaption>\n\t\t\t\t\t\t\t\t\t\t<\/figure>\n\t\t\t\t\t\t\t\t\t<\/div>\n\t\t\t\t<\/div>\n\t\t\t\t<\/div>\n\t\t\t\t\t<\/div>\n\t\t\t\t<\/div>\n\t\t<div class=\"elementor-element elementor-element-e160cb8 e-flex e-con-boxed e-con e-parent\" data-id=\"e160cb8\" data-element_type=\"container\">\n\t\t\t\t\t<div class=\"e-con-inner\">\n\t\t\t\t<div class=\"elementor-element elementor-element-69578c3 elementor-widget elementor-widget-text-editor\" data-id=\"69578c3\" data-element_type=\"widget\" data-widget_type=\"text-editor.default\">\n\t\t\t\t<div class=\"elementor-widget-container\">\n\t\t\t\t\t\t\t\t\t<p><strong>Meer informatie over Timebank Arnhem<\/strong><\/p><p>Er zijn meerdere soorten timebanking systemen. Sommige systemen houden h\u00e9\u00e9l strak aan het gelijk waarderen van \u00e9\u00e9n uur inzet.<br \/>Veel andere timebanking systemen (waaronder wij van Timebank Arnhem) zijn soepeler en laten de hoogte van de vergoeding in Time banking units over aan de ontvangende en gevende partij.<br \/>Daarbij is de tegenwaarde van een uur wel indicatief voor de waardering van een TBA (Timebank Arnhem unit),\u00a0 maar niet als verplichte tegenwaarde.<\/p><p>Dat maak het mogelijk:<\/p><ul><li>Om ook produkten en goederen te ruilen tegen Timebank Arnhem (TBA) units<\/li><li>Om iets flexibeler om te gaan met hoeveel TBA je een uur inzet vergoedt<\/li><\/ul>\t\t\t\t\t\t\t\t<\/div>\n\t\t\t\t<\/div>\n\t\t\t\t\t<\/div>\n\t\t\t\t<\/div>\n\t\t<div class=\"elementor-element elementor-element-0c95bb9 e-flex e-con-boxed e-con e-parent\" data-id=\"0c95bb9\" data-element_type=\"container\">\n\t\t\t\t\t<div class=\"e-con-inner\">\n\t\t\t\t<div class=\"elementor-element elementor-element-7112350 elementor-widget elementor-widget-text-editor\" data-id=\"7112350\" data-element_type=\"widget\" data-widget_type=\"text-editor.default\">\n\t\t\t\t<div class=\"elementor-widget-container\">\n\t\t\t\t\t\t\t\t\t<p>Overeenkomsten en verschillen tussen Timebanking en Arnhems Hert.<\/p><p><strong>Overeenkomsten:<\/strong><\/p><ul><li>Zowel Timebank Arnhem en Arnhems Hert worden uitgegeven door de Arnhems Hert organisatie.<\/li><li>Alle particuliere deelnemers aan Arnhems Hert krijgen zowel een Arnhems Hert als een Timebank Arnhem rekening<\/li><li>bij het openen van een particuliere Arnhems Hert rekening krijg je zowel een beginsaldo in ARH als een saldo in TBA gestort. (Dat is momenteel 10 ARH en 7 TBA )<\/li><\/ul><p><strong>Verschillen:<\/strong><\/p><ul><li>Arnhems Hert (ARH) kun je aankopen met Euro&#8217;s, Timebank Arnhem units (TBA) niet.<\/li><li>Timebank Arnhem hebben daarmee geen geldelijke waarde, alleen een maatschappelijke waarde voor het ruilen tussen particulieren.<\/li><li>Inkomsten in Arnhems Hert zijn inkomsten die je in geld kunt uitdrukken en daarmee maken Arnhems Hert vergoedingen deel uit van je vrijwilligersinkomsten (tot een bepaald maximum vrijgesteld van inkomstenbelasting).\u00a0 Timebank Arnhem units hebben geen geldelijke waarde.<\/li><\/ul>\t\t\t\t\t\t\t\t<\/div>\n\t\t\t\t<\/div>\n\t\t\t\t\t<\/div>\n\t\t\t\t<\/div>\n\t\t\t\t<\/div>\n\t\t","protected":false},"excerpt":{"rendered":"<p>Timebank Arnhem is een initiatief van Arnhems Hert. Een netwerk en gemeenschap van lokale ondernemers en particulieren in en rond Arnhem. Naast het lokale circulaire betaalmiddel Arnhems Hert, introduceren we met TBA (Timebank Arnhem) \u00f3\u00f3k een lokaal ruilmiddel tussen particulieren onderling om diensten met maatschappelijke meerwaarde onderling met elkaar te delen. En maatschappelijke organisatie kunnen [&hellip;]<\/p>\n","protected":false},"author":1,"featured_media":0,"parent":0,"menu_order":0,"comment_status":"closed","ping_status":"closed","template":"","meta":{"footnotes":""},"yoast_head":"<!-- This site is optimized with the Yoast SEO plugin v23.5 - https:\/\/yoast.com\/wordpress\/plugins\/seo\/ -->\n<title>Over ons - Timebank Arnhem<\/title>\n<meta name=\"robots\" content=\"index, follow, max-snippet:-1, max-image-preview:large, max-video-preview:-1\" \/>\n<link rel=\"canonical\" href=\"https:\/\/timebankarnhem.nl\/index.php\/over-ons\/\" \/>\n<meta property=\"og:locale\" content=\"nl_NL\" \/>\n<meta property=\"og:type\" content=\"article\" \/>\n<meta property=\"og:title\" content=\"Over ons - Timebank Arnhem\" \/>\n<meta property=\"og:description\" content=\"Timebank Arnhem is een initiatief van Arnhems Hert. Een netwerk en gemeenschap van lokale ondernemers en particulieren in en rond Arnhem. Naast het lokale circulaire betaalmiddel Arnhems Hert, introduceren we met TBA (Timebank Arnhem) \u00f3\u00f3k een lokaal ruilmiddel tussen particulieren onderling om diensten met maatschappelijke meerwaarde onderling met elkaar te delen. En maatschappelijke organisatie kunnen [&hellip;]\" \/>\n<meta property=\"og:url\" content=\"https:\/\/timebankarnhem.nl\/index.php\/over-ons\/\" \/>\n<meta property=\"og:site_name\" content=\"Timebank Arnhem\" \/>\n<meta property=\"article:modified_time\" content=\"2023-11-12T12:57:06+00:00\" \/>\n<meta property=\"og:image\" content=\"https:\/\/timebankarnhem.nl\/wp-content\/uploads\/2023\/11\/Marc-Dekens.jpg\" \/>\n<meta name=\"twitter:card\" content=\"summary_large_image\" \/>\n<meta name=\"twitter:label1\" content=\"Geschatte leestijd\" \/>\n\t<meta name=\"twitter:data1\" content=\"4 minuten\" \/>\n<script type=\"application\/ld+json\" class=\"yoast-schema-graph\">{\"@context\":\"https:\/\/schema.org\",\"@graph\":[{\"@type\":\"WebPage\",\"@id\":\"https:\/\/timebankarnhem.nl\/index.php\/over-ons\/\",\"url\":\"https:\/\/timebankarnhem.nl\/index.php\/over-ons\/\",\"name\":\"Over ons - Timebank Arnhem\",\"isPartOf\":{\"@id\":\"https:\/\/timebankarnhem.nl\/#website\"},\"primaryImageOfPage\":{\"@id\":\"https:\/\/timebankarnhem.nl\/index.php\/over-ons\/#primaryimage\"},\"image\":{\"@id\":\"https:\/\/timebankarnhem.nl\/index.php\/over-ons\/#primaryimage\"},\"thumbnailUrl\":\"https:\/\/timebankarnhem.nl\/wp-content\/uploads\/2023\/11\/Marc-Dekens.jpg\",\"datePublished\":\"2023-11-12T10:00:31+00:00\",\"dateModified\":\"2023-11-12T12:57:06+00:00\",\"breadcrumb\":{\"@id\":\"https:\/\/timebankarnhem.nl\/index.php\/over-ons\/#breadcrumb\"},\"inLanguage\":\"nl-NL\",\"potentialAction\":[{\"@type\":\"ReadAction\",\"target\":[\"https:\/\/timebankarnhem.nl\/index.php\/over-ons\/\"]}]},{\"@type\":\"ImageObject\",\"inLanguage\":\"nl-NL\",\"@id\":\"https:\/\/timebankarnhem.nl\/index.php\/over-ons\/#primaryimage\",\"url\":\"https:\/\/timebankarnhem.nl\/wp-content\/uploads\/2023\/11\/Marc-Dekens.jpg\",\"contentUrl\":\"https:\/\/timebankarnhem.nl\/wp-content\/uploads\/2023\/11\/Marc-Dekens.jpg\",\"width\":287,\"height\":270},{\"@type\":\"BreadcrumbList\",\"@id\":\"https:\/\/timebankarnhem.nl\/index.php\/over-ons\/#breadcrumb\",\"itemListElement\":[{\"@type\":\"ListItem\",\"position\":1,\"name\":\"Home\",\"item\":\"https:\/\/timebankarnhem.nl\/\"},{\"@type\":\"ListItem\",\"position\":2,\"name\":\"Over ons\"}]},{\"@type\":\"WebSite\",\"@id\":\"https:\/\/timebankarnhem.nl\/#website\",\"url\":\"https:\/\/timebankarnhem.nl\/\",\"name\":\"Timebank Arnhem\",\"description\":\"Gekoppeld aan Arnhems Hert\",\"publisher\":{\"@id\":\"https:\/\/timebankarnhem.nl\/#organization\"},\"potentialAction\":[{\"@type\":\"SearchAction\",\"target\":{\"@type\":\"EntryPoint\",\"urlTemplate\":\"https:\/\/timebankarnhem.nl\/?s={search_term_string}\"},\"query-input\":{\"@type\":\"PropertyValueSpecification\",\"valueRequired\":true,\"valueName\":\"search_term_string\"}}],\"inLanguage\":\"nl-NL\"},{\"@type\":\"Organization\",\"@id\":\"https:\/\/timebankarnhem.nl\/#organization\",\"name\":\"Timebank Arnhem\",\"url\":\"https:\/\/timebankarnhem.nl\/\",\"logo\":{\"@type\":\"ImageObject\",\"inLanguage\":\"nl-NL\",\"@id\":\"https:\/\/timebankarnhem.nl\/#\/schema\/logo\/image\/\",\"url\":\"https:\/\/timebankarnhem.nl\/wp-content\/uploads\/2023\/10\/TBA-logo-150-100.png\",\"contentUrl\":\"https:\/\/timebankarnhem.nl\/wp-content\/uploads\/2023\/10\/TBA-logo-150-100.png\",\"width\":150,\"height\":100,\"caption\":\"Timebank Arnhem\"},\"image\":{\"@id\":\"https:\/\/timebankarnhem.nl\/#\/schema\/logo\/image\/\"}}]}<\/script>\n<!-- \/ Yoast SEO plugin. -->","yoast_head_json":{"title":"Over ons - Timebank Arnhem","robots":{"index":"index","follow":"follow","max-snippet":"max-snippet:-1","max-image-preview":"max-image-preview:large","max-video-preview":"max-video-preview:-1"},"canonical":"https:\/\/timebankarnhem.nl\/index.php\/over-ons\/","og_locale":"nl_NL","og_type":"article","og_title":"Over ons - Timebank Arnhem","og_description":"Timebank Arnhem is een initiatief van Arnhems Hert. Een netwerk en gemeenschap van lokale ondernemers en particulieren in en rond Arnhem. Naast het lokale circulaire betaalmiddel Arnhems Hert, introduceren we met TBA (Timebank Arnhem) \u00f3\u00f3k een lokaal ruilmiddel tussen particulieren onderling om diensten met maatschappelijke meerwaarde onderling met elkaar te delen. En maatschappelijke organisatie kunnen [&hellip;]","og_url":"https:\/\/timebankarnhem.nl\/index.php\/over-ons\/","og_site_name":"Timebank Arnhem","article_modified_time":"2023-11-12T12:57:06+00:00","og_image":[{"url":"https:\/\/timebankarnhem.nl\/wp-content\/uploads\/2023\/11\/Marc-Dekens.jpg"}],"twitter_card":"summary_large_image","twitter_misc":{"Geschatte leestijd":"4 minuten"},"schema":{"@context":"https:\/\/schema.org","@graph":[{"@type":"WebPage","@id":"https:\/\/timebankarnhem.nl\/index.php\/over-ons\/","url":"https:\/\/timebankarnhem.nl\/index.php\/over-ons\/","name":"Over ons - Timebank Arnhem","isPartOf":{"@id":"https:\/\/timebankarnhem.nl\/#website"},"primaryImageOfPage":{"@id":"https:\/\/timebankarnhem.nl\/index.php\/over-ons\/#primaryimage"},"image":{"@id":"https:\/\/timebankarnhem.nl\/index.php\/over-ons\/#primaryimage"},"thumbnailUrl":"https:\/\/timebankarnhem.nl\/wp-content\/uploads\/2023\/11\/Marc-Dekens.jpg","datePublished":"2023-11-12T10:00:31+00:00","dateModified":"2023-11-12T12:57:06+00:00","breadcrumb":{"@id":"https:\/\/timebankarnhem.nl\/index.php\/over-ons\/#breadcrumb"},"inLanguage":"nl-NL","potentialAction":[{"@type":"ReadAction","target":["https:\/\/timebankarnhem.nl\/index.php\/over-ons\/"]}]},{"@type":"ImageObject","inLanguage":"nl-NL","@id":"https:\/\/timebankarnhem.nl\/index.php\/over-ons\/#primaryimage","url":"https:\/\/timebankarnhem.nl\/wp-content\/uploads\/2023\/11\/Marc-Dekens.jpg","contentUrl":"https:\/\/timebankarnhem.nl\/wp-content\/uploads\/2023\/11\/Marc-Dekens.jpg","width":287,"height":270},{"@type":"BreadcrumbList","@id":"https:\/\/timebankarnhem.nl\/index.php\/over-ons\/#breadcrumb","itemListElement":[{"@type":"ListItem","position":1,"name":"Home","item":"https:\/\/timebankarnhem.nl\/"},{"@type":"ListItem","position":2,"name":"Over ons"}]},{"@type":"WebSite","@id":"https:\/\/timebankarnhem.nl\/#website","url":"https:\/\/timebankarnhem.nl\/","name":"Timebank Arnhem","description":"Gekoppeld aan Arnhems Hert","publisher":{"@id":"https:\/\/timebankarnhem.nl\/#organization"},"potentialAction":[{"@type":"SearchAction","target":{"@type":"EntryPoint","urlTemplate":"https:\/\/timebankarnhem.nl\/?s={search_term_string}"},"query-input":{"@type":"PropertyValueSpecification","valueRequired":true,"valueName":"search_term_string"}}],"inLanguage":"nl-NL"},{"@type":"Organization","@id":"https:\/\/timebankarnhem.nl\/#organization","name":"Timebank Arnhem","url":"https:\/\/timebankarnhem.nl\/","logo":{"@type":"ImageObject","inLanguage":"nl-NL","@id":"https:\/\/timebankarnhem.nl\/#\/schema\/logo\/image\/","url":"https:\/\/timebankarnhem.nl\/wp-content\/uploads\/2023\/10\/TBA-logo-150-100.png","contentUrl":"https:\/\/timebankarnhem.nl\/wp-content\/uploads\/2023\/10\/TBA-logo-150-100.png","width":150,"height":100,"caption":"Timebank Arnhem"},"image":{"@id":"https:\/\/timebankarnhem.nl\/#\/schema\/logo\/image\/"}}]}},"_links":{"self":[{"href":"https:\/\/timebankarnhem.nl\/index.php\/wp-json\/wp\/v2\/pages\/180"}],"collection":[{"href":"https:\/\/timebankarnhem.nl\/index.php\/wp-json\/wp\/v2\/pages"}],"about":[{"href":"https:\/\/timebankarnhem.nl\/index.php\/wp-json\/wp\/v2\/types\/page"}],"author":[{"embeddable":true,"href":"https:\/\/timebankarnhem.nl\/index.php\/wp-json\/wp\/v2\/users\/1"}],"replies":[{"embeddable":true,"href":"https:\/\/timebankarnhem.nl\/index.php\/wp-json\/wp\/v2\/comments?post=180"}],"version-history":[{"count":52,"href":"https:\/\/timebankarnhem.nl\/index.php\/wp-json\/wp\/v2\/pages\/180\/revisions"}],"predecessor-version":[{"id":243,"href":"https:\/\/timebankarnhem.nl\/index.php\/wp-json\/wp\/v2\/pages\/180\/revisions\/243"}],"wp:attachment":[{"href":"https:\/\/timebankarnhem.nl\/index.php\/wp-json\/wp\/v2\/media?parent=180"}],"curies":[{"name":"wp","href":"https:\/\/api.w.org\/{rel}","templated":true}]}}